{"id":79,"date":"2022-07-12T18:44:36","date_gmt":"2022-07-12T16:44:36","guid":{"rendered":"https:\/\/gmproducciones.es\/?page_id=79"},"modified":"2023-07-24T13:17:39","modified_gmt":"2023-07-24T11:17:39","slug":"aviso-legal","status":"publish","type":"page","link":"https:\/\/gmproducciones.es\/en\/aviso-legal\/","title":{"rendered":"Aviso Legal"},"content":{"rendered":"\n<p>El presente Aviso Legal regula el acceso, navegaci\u00f3n y uso de la p\u00e1gina web\u00a0www.gmproducciones.es, en adelante \u201cla Web\u201d, cuya titularidad corresponde a Guti\u00e9rrez y Mu\u00f1oz S.L. (en adelante, \u201cG&amp;M\u201d), con NIF B82387440, domicilio social en Calle Francisco Gerv\u00e1s 11 28020 Madrid (Madrid), y registrada en Calle Francisco Gerv\u00e1s 11 28020 Madrid (Madrid).<\/p>\n\n\n\n<p>Si desea contactar con G&amp;M puede hacerlo a trav\u00e9s del apartado de contacto de esta web, por escrito en la direcci\u00f3n facilitada anteriormente, o si lo prefiere, a trav\u00e9s de la direcci\u00f3n de correo electr\u00f3nico&nbsp;<a href=\"mailto:administracion@gutierrezymu\u00f1oz.com\">administracion@gutierrezymu\u00f1oz.com<\/a>.<\/p>\n\n\n\n<p>El acceso y utilizaci\u00f3n de la Web le atribuyen la condici\u00f3n de Usuario, lo cual implica la adhesi\u00f3n al presente Aviso Legal en la versi\u00f3n publicada en el momento en que se acceda a la misma. Si no estuviera de acuerdo con el mismo, deber\u00e1 abstenerse de acceder a la Web o de utilizar los servicios que se prestan a trav\u00e9s de la misma.<\/p>\n\n\n\n<p>El presente Aviso Legal se rige por los principios de legalidad y de buena fe, comprometi\u00e9ndose el Usuario a utilizar la Web, as\u00ed como la informaci\u00f3n o servicios suministrados, de conformidad con la ley, la moral, las buenas costumbres y el orden p\u00fablico. La utilizaci\u00f3n no autorizada de la informaci\u00f3n contenida en esta Web, su reventa, as\u00ed como la cesi\u00f3n de derechos de terceros, dar\u00e1n lugar a las responsabilidades legalmente establecidas.<\/p>\n\n\n\n<p>G&amp;M se reserva el derecho a modificar, en cualquier momento y sin previo aviso, la presentaci\u00f3n y configuraci\u00f3n de la Web, as\u00ed como el Aviso Legal de la misma. Por ello, G&amp;M recomienda al Usuario leer este Aviso Legal atentamente cada vez que acceda a la Web.<\/p>\n\n\n\n<p>El acceso a determinados Contenidos, Productos y\/o Servicios ofrecidos a trav\u00e9s de la Web puede encontrarse sometido a ciertas condiciones particulares propias que, seg\u00fan los casos, sustituyen, completan y\/o modifican este Aviso Legal. Por tanto, con anterioridad al acceso y\/o utilizaci\u00f3n de dichos Contenidos, Productos y\/o Servicios, el Usuario ha de leer atentamente tambi\u00e9n las correspondientes condiciones particulares. En caso de existir discrepancia entre lo establecido en el presente Aviso Legal y las condiciones particulares de cada servicio espec\u00edfico, prevalecer\u00e1 lo dispuesto en \u00e9stas \u00faltimas.<\/p>\n\n\n\n<p>G&amp;M no se responsabiliza por el mal uso o apropiaci\u00f3n indebida de los contenidos o informaci\u00f3n publicada en la Web. El usuario reconoce y acepta que toda la informaci\u00f3n y\/o contenidos a los que acceda a trav\u00e9s de la Web lo es para su \u00fanico y exclusivo uso personal e intransferible. Queda prohibida la cesi\u00f3n a terceros de cualquier tipo y forma de toda o parte de la informaci\u00f3n y\/o contenidos a los que pueda tener acceso el usuario a trav\u00e9s de la Web.<\/p>\n\n\n\n<p><strong><span style=\"text-decoration: underline;\">Derechos de Propiedad Intelectual e Industrial<\/span><\/strong><\/p>\n\n\n\n<p>G&amp;M es la \u00fanica y exclusiva titular de los derechos de propiedad intelectual e industrial sobre las marcas, im\u00e1genes, textos, dise\u00f1os, animaciones, programaci\u00f3n y dise\u00f1o de la Web o cualquier otro contenido o elementos de la misma, o, en su caso, dispone de los permisos o licencias necesarias para su utilizaci\u00f3n. El Usuario reconoce y acepta que el acceso y\/o descarga de cualquier contenido y\/o elemento que se encuentre a su disposici\u00f3n a trav\u00e9s de la Web es para su uso personal e intransferible. Cualquier acto de reproducci\u00f3n, distribuci\u00f3n, comunicaci\u00f3n p\u00fablica, puesta a disposici\u00f3n, o transformaci\u00f3n, as\u00ed como cualquier otra forma de explotaci\u00f3n de todo o parte de dichos contenidos o elementos, realizado bajo cualquier forma o mediante cualquier medio, requerir\u00e1 el consentimiento previo y por escrito de G&amp;M, o en su caso, de su titular.<\/p>\n\n\n\n<p>Asimismo, todos los signos distintivos que aparecen en el sitio web o son titularidad de G&amp;M o cuenta con las correspondientes licencias, y se encuentran debidamente registrados, quedando prohibida su reproducci\u00f3n o distribuci\u00f3n bajo ning\u00fan medio, sin la debida, previa y expresa autorizaci\u00f3n de su titular.<\/p>\n\n\n\n<p>El acceso y navegaci\u00f3n por la Web en ning\u00fan caso se entender\u00e1 como una renuncia, transmisi\u00f3n, licencia o cesi\u00f3n total ni parcial de los derechos antes indicados por parte de G&amp;M o, en su caso, del titular de los derechos al que correspondan.<\/p>\n\n\n\n<p><strong><span style=\"text-decoration: underline;\">Links<\/span><\/strong><\/p>\n\n\n\n<p>La Web podr\u00e1 incluir hiperv\u00ednculos a otras p\u00e1ginas web o recursos gestionados por terceras partes que no sean de G&amp;M, incluidos anunciantes. G&amp;M no ha revisado todas las p\u00e1ginas web vinculadas a esta p\u00e1gina web y no se hace responsable del contenido o veracidad de estas p\u00e1ginas web externas ni tampoco de la disponibilidad de dichas p\u00e1ginas web o recursos externos; y no aprueba ni se responsabiliza, de forma directa o indirecta, de las pr\u00e1cticas de privacidad o del contenido de estas p\u00e1ginas web, incluyendo (sin restricciones) cualquier publicidad, producto u otros materiales o servicios de la p\u00e1gina web o disponibles en dichas p\u00e1ginas web o recursos, ni por da\u00f1os, p\u00e9rdidas o infracciones causados, o presuntamente causados, por el uso, o en relaci\u00f3n con el uso o dependientes de dicho contenido, bienes o servicios disponibles en dichas p\u00e1ginas web o recursos externos.<\/p>\n\n\n\n<p><strong><span style=\"text-decoration: underline;\">Pol\u00edtica de Privacidad \/ Pol\u00edtica de Cookies<\/span><\/strong><\/p>\n\n\n\n<p>Para consultar la Pol\u00edtica de Privacidad pinche [<a href=\"https:\/\/gmproducciones.es\/privacy-policy\/\" data-type=\"page\" data-id=\"3\">aqu\u00ed<\/a>]<\/p>\n\n\n\n<p>Para consultar la Pol\u00edtica de Cookies pinche [<a href=\"https:\/\/gmproducciones.es\/privacidad\/\" data-type=\"page\" data-id=\"78\">aqu\u00ed<\/a>]<\/p>\n\n\n\n<p><strong><span style=\"text-decoration: underline;\">Exenci\u00f3n de responsabilidad<\/span><\/strong><\/p>\n\n\n\n<p>G&amp;M ha adoptado las medidas necesarias para asegurar el correcto funcionamiento de la Web. No obstante, G&amp;M no ser\u00e1 responsable de la falta de disponibilidad de la Web en un momento determinado, ya sea por causas t\u00e9cnicas, tareas de mantenimiento del sistema, interferencias, interrupciones de los suministradores del servicio Internet o por cualquier otra causa o fallos que se produjeran en el acceso, funcionamiento y operatividad de la Web, as\u00ed como tampoco de las interrupciones, suspensiones o el mal funcionamiento de la misma por causas ajenas a G&amp;M.<\/p>\n\n\n\n<p>G&amp;M excluye cualquier responsabilidad por los da\u00f1os y perjuicios de toda naturaleza que puedan deberse a la falta de disponibilidad o de continuidad del funcionamiento de la Web, a la defraudaci\u00f3n de la utilidad que los Usuarios hubieren podido atribuir a la Web, a la falibilidad de la Web, y en particular, aunque no de modo exclusivo, a los fallos en el acceso a las distintas p\u00e1ginas de la Web o a aquellas desde las que se presta el servicio.<\/p>\n\n\n\n<p>G&amp;M no controla ni garantiza la ausencia de virus ni de otros elementos en los Contenidos que puedan producir alteraciones en su sistema inform\u00e1tico (software y hardware) o en los documentos electr\u00f3nicos y ficheros almacenados en su sistema inform\u00e1tico.<\/p>\n\n\n\n<p>G&amp;M excluye cualquier responsabilidad por los da\u00f1os y perjuicios de toda naturaleza que puedan deberse a la presencia de virus o a la presencia de otros elementos en los contenidos que puedan producir alteraciones en el sistema inform\u00e1tico, documentos electr\u00f3nicos o ficheros de los Usuarios.<\/p>\n\n\n\n<p>G&amp;M no garantiza que el contenido de la Web est\u00e9 actualizado, sea completo y exacto o que el contenido no contenga defectos, errores y\/o virus. En ning\u00fan caso G&amp;M ser\u00e1 responsable de la producci\u00f3n de cualquier tipo de da\u00f1o que los Usuarios o terceros pudiesen ocasionar en la Web.<\/p>\n\n\n\n<p>G&amp;M no se hace responsable de los contenidos ni de la veracidad y\/o calidad de la informaci\u00f3n vertida por los responsables de los estudios en sus conclusiones, sus colaboradores, clientes y\/o usuarios, ni de la efectividad, y\/o uso que hagan dichos colaboradores clientes y\/o usuarios de la Web y la informaci\u00f3n en ella contenida. G&amp;M no se hace responsable de las aportaciones, opiniones, juicios, comentarios o contenidos que pudieran aportar sus colaboradores, clientes y\/o usuarios a trav\u00e9s de cualquiera de los mecanismos puestos a disposici\u00f3n, como a t\u00edtulo ilustrativo redes sociales, que infrinjan la normativa vigente y\/o lesione derechos de terceros, ni comparte necesariamente las opiniones y contenidos aportados por sus colaboradores, clientes y\/o usuarios. La responsabilidad legal corresponder\u00e1 al colaborador, cliente y\/o usuario que realice la infracci\u00f3n.<\/p>\n\n\n\n<p>G&amp;M excluye con toda la extensi\u00f3n permitida por el ordenamiento jur\u00eddico, cualquier responsabilidad por los da\u00f1os y perjuicios de toda naturaleza que pudieran deberse al acceso a la Web por personas no autorizadas, al conocimiento que puedan tener terceros no autorizados de la clase, condiciones, caracter\u00edsticas y circunstancias del uso que los Usuarios hacen de la Web; a la transmisi\u00f3n, difusi\u00f3n, almacenamiento, puesta a disposici\u00f3n, recepci\u00f3n, obtenci\u00f3n o acceso a los contenidos, y en particular, aunque no de modo exclusivo, por los da\u00f1os y perjuicios que puedan deberse a:<\/p>\n\n\n\n<p>(I) el incumplimiento de la ley, la moral y las buenas costumbres generalmente aceptadas o el orden p\u00fablico como consecuencia de la transmisi\u00f3n, difusi\u00f3n, almacenamiento, puesta a disposici\u00f3n, recepci\u00f3n, obtenci\u00f3n o acceso a la Web y sus contenidos;<\/p>\n\n\n\n<p>(II) la infracci\u00f3n de los derechos de propiedad intelectual e industrial, de los secretos empresariales, de compromisos contractuales de cualquier clase, de los derechos al honor, a la intimidad personal y familiar y a la imagen de las personas, de los derechos de propiedad y de toda otra naturaleza pertenecientes a un tercero como consecuencia de la transmisi\u00f3n, difusi\u00f3n, almacenamiento, puesta a disposici\u00f3n, recepci\u00f3n, obtenci\u00f3n o acceso a la Web y sus contenidos;<\/p>\n\n\n\n<p>(III) la realizaci\u00f3n de actos de competencia desleal y publicidad il\u00edcita como consecuencia de la transmisi\u00f3n, difusi\u00f3n, almacenamiento, puesta a disposici\u00f3n, recepci\u00f3n, obtenci\u00f3n o acceso a la Web y sus contenidos;<\/p>\n\n\n\n<p>(IV) la falta de veracidad, exactitud, exhaustividad, pertinencia y\/o actualidad de la Web y sus contenidos;<\/p>\n\n\n\n<p>(V) la inadecuaci\u00f3n para cualquier clase de prop\u00f3sito y la defraudaci\u00f3n de las expectativas generadas por la Web y sus contenidos;<\/p>\n\n\n\n<p>(VI) el incumplimiento, retraso en el cumplimiento, cumplimiento defectuoso o terminaci\u00f3n por cualquier causa de las obligaciones contra\u00eddas por terceros y contratos realizados con terceros a trav\u00e9s de o con motivo del acceso a la Web y sus contenidos;<\/p>\n\n\n\n<p>(VII) los vicios y defectos de toda clase de los contenidos transmitidos, difundidos, almacenados, puestos a disposici\u00f3n o de otra forma transmitidos o puestos a disposici\u00f3n, recibidos, obtenidos o a los que se haya accedido a trav\u00e9s de la Web.<\/p>\n\n\n\n<p><strong><span style=\"text-decoration: underline;\">Ley aplicable y Jurisdicci\u00f3n:<\/span><\/strong><\/p>\n\n\n\n<p>El presente Aviso Legal se rige por la legislaci\u00f3n espa\u00f1ola. Salvo que la Ley que resulte aplicable disponga obligatoriamente otra cosa, las partes acuerdan someterse a los Juzgados y Tribunales de Madrid&nbsp;con renuncia expresa de las partes a cualquier otro fuero.<\/p>\n","protected":false},"excerpt":{"rendered":"<p>El presente Aviso Legal regula el acceso, navegaci\u00f3n y uso de la p\u00e1gina web\u00a0www.gmproducciones.es, en adelante \u201cla Web\u201d, cuya titularidad corresponde a Guti\u00e9rrez y Mu\u00f1oz S.L. (en adelante, \u201cG&amp;M\u201d), con NIF B82387440, domicilio social en Calle Francisco Gerv\u00e1s 11 28020 Madrid (Madrid), y registrada en Calle Francisco Gerv\u00e1s 11 28020 Madrid (Madrid). Si desea contactar [&hellip;]<\/p>\n","protected":false},"author":2,"featured_media":0,"parent":0,"menu_order":0,"comment_status":"closed","ping_status":"closed","template":"","meta":{"_et_pb_use_builder":"off","_et_pb_old_content":"","_et_gb_content_width":"","footnotes":""},"class_list":["post-79","page","type-page","status-publish","hentry"],"yoast_head":"<!-- This site is optimized with the Yoast SEO plugin v27.2 - https:\/\/yoast.com\/product\/yoast-seo-wordpress\/ -->\n<title>Aviso Legal &#8212; GM Producciones<\/title>\n<meta name=\"robots\" content=\"index, follow, max-snippet:-1, max-image-preview:large, max-video-preview:-1\" \/>\n<link rel=\"canonical\" href=\"https:\/\/gmproducciones.es\/en\/aviso-legal\/\" \/>\n<meta property=\"og:locale\" content=\"en_US\" \/>\n<meta property=\"og:type\" content=\"article\" \/>\n<meta property=\"og:title\" content=\"Aviso Legal &#8212; GM Producciones\" \/>\n<meta property=\"og:description\" content=\"El presente Aviso Legal regula el acceso, navegaci\u00f3n y uso de la p\u00e1gina web\u00a0www.gmproducciones.es, en adelante \u201cla Web\u201d, cuya titularidad corresponde a Guti\u00e9rrez y Mu\u00f1oz S.L. (en adelante, \u201cG&amp;M\u201d), con NIF B82387440, domicilio social en Calle Francisco Gerv\u00e1s 11 28020 Madrid (Madrid), y registrada en Calle Francisco Gerv\u00e1s 11 28020 Madrid (Madrid). Si desea contactar [&hellip;]\" \/>\n<meta property=\"og:url\" content=\"https:\/\/gmproducciones.es\/en\/aviso-legal\/\" \/>\n<meta property=\"og:site_name\" content=\"GM Producciones\" \/>\n<meta property=\"article:modified_time\" content=\"2023-07-24T11:17:39+00:00\" \/>\n<meta name=\"twitter:card\" content=\"summary_large_image\" \/>\n<meta name=\"twitter:label1\" content=\"Est. reading time\" \/>\n\t<meta name=\"twitter:data1\" content=\"8 minutes\" \/>\n<script type=\"application\/ld+json\" class=\"yoast-schema-graph\">{\"@context\":\"https:\/\/schema.org\",\"@graph\":[{\"@type\":\"WebPage\",\"@id\":\"https:\/\/gmproducciones.es\/aviso-legal\/\",\"url\":\"https:\/\/gmproducciones.es\/aviso-legal\/\",\"name\":\"Aviso Legal &#8212; GM Producciones\",\"isPartOf\":{\"@id\":\"https:\/\/gmproducciones.es\/#website\"},\"datePublished\":\"2022-07-12T16:44:36+00:00\",\"dateModified\":\"2023-07-24T11:17:39+00:00\",\"breadcrumb\":{\"@id\":\"https:\/\/gmproducciones.es\/aviso-legal\/#breadcrumb\"},\"inLanguage\":\"en-US\",\"potentialAction\":[{\"@type\":\"ReadAction\",\"target\":[\"https:\/\/gmproducciones.es\/aviso-legal\/\"]}]},{\"@type\":\"BreadcrumbList\",\"@id\":\"https:\/\/gmproducciones.es\/aviso-legal\/#breadcrumb\",\"itemListElement\":[{\"@type\":\"ListItem\",\"position\":1,\"name\":\"Inicio\",\"item\":\"https:\/\/gmproducciones.es\/\"},{\"@type\":\"ListItem\",\"position\":2,\"name\":\"Aviso Legal\"}]},{\"@type\":\"WebSite\",\"@id\":\"https:\/\/gmproducciones.es\/#website\",\"url\":\"https:\/\/gmproducciones.es\/\",\"name\":\"GM Producciones\",\"description\":\"Cuidamos al detalle la calidad de nuestros productos y servicios\",\"publisher\":{\"@id\":\"https:\/\/gmproducciones.es\/#organization\"},\"potentialAction\":[{\"@type\":\"SearchAction\",\"target\":{\"@type\":\"EntryPoint\",\"urlTemplate\":\"https:\/\/gmproducciones.es\/?s={search_term_string}\"},\"query-input\":{\"@type\":\"PropertyValueSpecification\",\"valueRequired\":true,\"valueName\":\"search_term_string\"}}],\"inLanguage\":\"en-US\"},{\"@type\":\"Organization\",\"@id\":\"https:\/\/gmproducciones.es\/#organization\",\"name\":\"Gutierrez & Mu\u00f1oz\",\"url\":\"https:\/\/gmproducciones.es\/\",\"logo\":{\"@type\":\"ImageObject\",\"inLanguage\":\"en-US\",\"@id\":\"https:\/\/gmproducciones.es\/#\/schema\/logo\/image\/\",\"url\":\"https:\/\/gmproducciones.es\/wp-content\/uploads\/2022\/07\/logo-gm.svg\",\"contentUrl\":\"https:\/\/gmproducciones.es\/wp-content\/uploads\/2022\/07\/logo-gm.svg\",\"width\":1,\"height\":1,\"caption\":\"Gutierrez & Mu\u00f1oz\"},\"image\":{\"@id\":\"https:\/\/gmproducciones.es\/#\/schema\/logo\/image\/\"}}]}<\/script>\n<!-- \/ Yoast SEO plugin. -->","yoast_head_json":{"title":"Aviso Legal &#8212; GM Producciones","robots":{"index":"index","follow":"follow","max-snippet":"max-snippet:-1","max-image-preview":"max-image-preview:large","max-video-preview":"max-video-preview:-1"},"canonical":"https:\/\/gmproducciones.es\/en\/aviso-legal\/","og_locale":"en_US","og_type":"article","og_title":"Aviso Legal &#8212; GM Producciones","og_description":"El presente Aviso Legal regula el acceso, navegaci\u00f3n y uso de la p\u00e1gina web\u00a0www.gmproducciones.es, en adelante \u201cla Web\u201d, cuya titularidad corresponde a Guti\u00e9rrez y Mu\u00f1oz S.L. (en adelante, \u201cG&amp;M\u201d), con NIF B82387440, domicilio social en Calle Francisco Gerv\u00e1s 11 28020 Madrid (Madrid), y registrada en Calle Francisco Gerv\u00e1s 11 28020 Madrid (Madrid). Si desea contactar [&hellip;]","og_url":"https:\/\/gmproducciones.es\/en\/aviso-legal\/","og_site_name":"GM Producciones","article_modified_time":"2023-07-24T11:17:39+00:00","twitter_card":"summary_large_image","twitter_misc":{"Est. reading time":"8 minutes"},"schema":{"@context":"https:\/\/schema.org","@graph":[{"@type":"WebPage","@id":"https:\/\/gmproducciones.es\/aviso-legal\/","url":"https:\/\/gmproducciones.es\/aviso-legal\/","name":"Aviso Legal &#8212; GM Producciones","isPartOf":{"@id":"https:\/\/gmproducciones.es\/#website"},"datePublished":"2022-07-12T16:44:36+00:00","dateModified":"2023-07-24T11:17:39+00:00","breadcrumb":{"@id":"https:\/\/gmproducciones.es\/aviso-legal\/#breadcrumb"},"inLanguage":"en-US","potentialAction":[{"@type":"ReadAction","target":["https:\/\/gmproducciones.es\/aviso-legal\/"]}]},{"@type":"BreadcrumbList","@id":"https:\/\/gmproducciones.es\/aviso-legal\/#breadcrumb","itemListElement":[{"@type":"ListItem","position":1,"name":"Inicio","item":"https:\/\/gmproducciones.es\/"},{"@type":"ListItem","position":2,"name":"Aviso Legal"}]},{"@type":"WebSite","@id":"https:\/\/gmproducciones.es\/#website","url":"https:\/\/gmproducciones.es\/","name":"GM Producciones","description":"Cuidamos al detalle la calidad de nuestros productos y servicios","publisher":{"@id":"https:\/\/gmproducciones.es\/#organization"},"potentialAction":[{"@type":"SearchAction","target":{"@type":"EntryPoint","urlTemplate":"https:\/\/gmproducciones.es\/?s={search_term_string}"},"query-input":{"@type":"PropertyValueSpecification","valueRequired":true,"valueName":"search_term_string"}}],"inLanguage":"en-US"},{"@type":"Organization","@id":"https:\/\/gmproducciones.es\/#organization","name":"Gutierrez & Mu\u00f1oz","url":"https:\/\/gmproducciones.es\/","logo":{"@type":"ImageObject","inLanguage":"en-US","@id":"https:\/\/gmproducciones.es\/#\/schema\/logo\/image\/","url":"https:\/\/gmproducciones.es\/wp-content\/uploads\/2022\/07\/logo-gm.svg","contentUrl":"https:\/\/gmproducciones.es\/wp-content\/uploads\/2022\/07\/logo-gm.svg","width":1,"height":1,"caption":"Gutierrez & Mu\u00f1oz"},"image":{"@id":"https:\/\/gmproducciones.es\/#\/schema\/logo\/image\/"}}]}},"jetpack_sharing_enabled":true,"_links":{"self":[{"href":"https:\/\/gmproducciones.es\/en\/wp-json\/wp\/v2\/pages\/79","targetHints":{"allow":["GET"]}}],"collection":[{"href":"https:\/\/gmproducciones.es\/en\/wp-json\/wp\/v2\/pages"}],"about":[{"href":"https:\/\/gmproducciones.es\/en\/wp-json\/wp\/v2\/types\/page"}],"author":[{"embeddable":true,"href":"https:\/\/gmproducciones.es\/en\/wp-json\/wp\/v2\/users\/2"}],"replies":[{"embeddable":true,"href":"https:\/\/gmproducciones.es\/en\/wp-json\/wp\/v2\/comments?post=79"}],"version-history":[{"count":5,"href":"https:\/\/gmproducciones.es\/en\/wp-json\/wp\/v2\/pages\/79\/revisions"}],"predecessor-version":[{"id":1121,"href":"https:\/\/gmproducciones.es\/en\/wp-json\/wp\/v2\/pages\/79\/revisions\/1121"}],"wp:attachment":[{"href":"https:\/\/gmproducciones.es\/en\/wp-json\/wp\/v2\/media?parent=79"}],"curies":[{"name":"wp","href":"https:\/\/api.w.org\/{rel}","templated":true}]}}