{"id":78,"date":"2022-07-12T18:44:45","date_gmt":"2022-07-12T16:44:45","guid":{"rendered":"https:\/\/gmproducciones.es\/?page_id=78"},"modified":"2022-07-18T09:12:36","modified_gmt":"2022-07-18T07:12:36","slug":"politica-de-cookies","status":"publish","type":"page","link":"https:\/\/gmproducciones.es\/en\/politica-de-cookies\/","title":{"rendered":"Pol\u00edtica de Cookies"},"content":{"rendered":"<p><strong><span style=\"text-decoration: underline;\">\u00bfQu\u00e9 son las cookies?<\/span><\/strong><\/p>\n\n\n\n<p>Las cookies son archivos que se pueden descargar en su equipo a trav\u00e9s de las p\u00e1ginas web. Son herramientas que tienen un papel esencial para la prestaci\u00f3n de numerosos servicios de la sociedad de la informaci\u00f3n. Entre otros, permiten a una p\u00e1gina web almacenar y recuperar informaci\u00f3n sobre los h\u00e1bitos de navegaci\u00f3n de un usuario o de su equipo y, dependiendo de la informaci\u00f3n obtenida, se pueden utilizar para reconocer al usuario y mejorar el servicio ofrecido.<\/p>\n\n\n\n<p><strong><span style=\"text-decoration: underline;\">Cookies utilizadas en este sitio web<\/span><\/strong><\/p>\n\n\n\n<p>En el presente Sitio Web se utilizan cookies de terceros con los que trabajamos para prestar servicios a trav\u00e9s del Sitio Web.<\/p>\n\n\n\n<p><strong><span style=\"text-decoration: underline;\">C\u00f3mo controlar y eliminar las cookies<\/span><\/strong><\/p>\n\n\n\n<p>La mayor\u00eda de los navegadores web aceptan cookies, pero puede cambiar la configuraci\u00f3n del navegador web para que rechace nuevas cookies, desactive las que ya existen o que le comunique cuando alguien le env\u00eda una nueva cookie en el dispositivo. Para cambiar la configuraci\u00f3n siga las instrucciones que le proporciona cada navegador:<\/p>\n\n\n\n<p>Internet Explorer: Herramientas&gt; Opciones de Internet&gt; Privacidad<br>O bien&nbsp;haz <a href=\"https:\/\/support.microsoft.com\/es-es\/topic\/eliminar-y-administrar-cookies-168dab11-0753-043d-7c16-ede5947fc64d\" target=\"_blank\" rel=\"noreferrer noopener\">clic aqu\u00ed<\/a>&nbsp;para m\u00e1s informaci\u00f3n.<\/p>\n\n\n\n<p>Firefox: Herramientas&gt; Opciones&gt; Privacidad&gt; Historial&gt; Ajustes personalizados.<br>O bien&nbsp;haz <a href=\"https:\/\/support.mozilla.org\/es\/kb\/impedir-que-los-sitios-web-guarden-sus-preferencia\" target=\"_blank\" rel=\"noreferrer noopener\">clic aqu\u00ed<\/a>&nbsp;para m\u00e1s informaci\u00f3n.<\/p>\n\n\n\n<p>Chrome: Configuraci\u00f3n&gt; Mostrar configuraci\u00f3n avanzada&gt; Privacidad&gt; Configuraci\u00f3n de contenido.<br>O bien&nbsp;haz <a href=\"https:\/\/support.google.com\/accounts\/answer\/61416?hl=es\" target=\"_blank\" rel=\"noreferrer noopener\">clic aqu\u00ed<\/a>&nbsp;para m\u00e1s informaci\u00f3n.<\/p>\n\n\n\n<p>Safari: Preferencias&gt; Seguridad.<br>O bien&nbsp;haz <a href=\"http:\/\/safari.helpmax.net\/es\/privacidad-y-seguridad\/como-gestionar-las-cookies\/\" target=\"_blank\" rel=\"noreferrer noopener\">clic aqu\u00ed<\/a>&nbsp;para m\u00e1s informaci\u00f3n.<\/p>\n\n\n\n<p>Opera: Configuraci\u00f3n.<br>O bien&nbsp;haz <a href=\"https:\/\/help.opera.com\/en\/latest\/web-preferences\/#cookies\" target=\"_blank\" rel=\"noreferrer noopener\">clic aqu\u00ed<\/a>&nbsp;para m\u00e1s informaci\u00f3n.<\/p>\n\n\n\n<p>Bloquear el uso de las cookies en su navegaci\u00f3n puede hacer que algunos servicios o caracter\u00edsticas del sitio web no est\u00e9n disponibles\u201d.<\/p>\n\n\n\n<p><strong><span style=\"text-decoration: underline;\">Aceptaci\u00f3n de la pol\u00edtica de cookies<\/span><\/strong><\/p>\n\n\n\n<p>&nbsp;Este sitio web asume que usted acepta el uso de cookies. No obstante, muestra informaci\u00f3n sobre su Pol\u00edtica de cookies en la parte inferior o superior de cualquier p\u00e1gina del portal con cada inicio de sesi\u00f3n con el objeto de que usted sea consciente.<\/p>\n\n\n\n<p>Ante esta informaci\u00f3n es posible llevar a cabo las siguientes acciones:<\/p>\n\n\n\n<p>Aceptar cookies: No se volver\u00e1 a visualizar este aviso al acceder a cualquier p\u00e1gina del portal durante la presente sesi\u00f3n.&nbsp;<br>Cerrar: Se oculta el aviso en la presente p\u00e1gina.&nbsp;<br>Modificar su configuraci\u00f3n: Podr\u00e1 obtener m\u00e1s informaci\u00f3n sobre qu\u00e9 son las cookies, conocer la Pol\u00edtica de cookies en esta p\u00e1gina y modificar la configuraci\u00f3n de su navegador.&nbsp;<\/p>","protected":false},"excerpt":{"rendered":"<p>\u00bfQu\u00e9 son las cookies? Las cookies son archivos que se pueden descargar en su equipo a trav\u00e9s de las p\u00e1ginas web. Son herramientas que tienen un papel esencial para la prestaci\u00f3n de numerosos servicios de la sociedad de la informaci\u00f3n. Entre otros, permiten a una p\u00e1gina web almacenar y recuperar informaci\u00f3n sobre los h\u00e1bitos de [&hellip;]<\/p>\n","protected":false},"author":2,"featured_media":0,"parent":0,"menu_order":0,"comment_status":"closed","ping_status":"closed","template":"","meta":{"_et_pb_use_builder":"off","_et_pb_old_content":"","_et_gb_content_width":"","footnotes":""},"class_list":["post-78","page","type-page","status-publish","hentry"],"yoast_head":"<!-- This site is optimized with the Yoast SEO plugin v27.2 - https:\/\/yoast.com\/product\/yoast-seo-wordpress\/ -->\n<title>Pol\u00edtica de Cookies &#8212; GM Producciones<\/title>\n<meta name=\"robots\" content=\"index, follow, max-snippet:-1, max-image-preview:large, max-video-preview:-1\" \/>\n<link rel=\"canonical\" href=\"https:\/\/gmproducciones.es\/en\/politica-de-cookies\/\" \/>\n<meta property=\"og:locale\" content=\"en_US\" \/>\n<meta property=\"og:type\" content=\"article\" \/>\n<meta property=\"og:title\" content=\"Pol\u00edtica de Cookies &#8212; GM Producciones\" \/>\n<meta property=\"og:description\" content=\"\u00bfQu\u00e9 son las cookies? Las cookies son archivos que se pueden descargar en su equipo a trav\u00e9s de las p\u00e1ginas web. Son herramientas que tienen un papel esencial para la prestaci\u00f3n de numerosos servicios de la sociedad de la informaci\u00f3n. Entre otros, permiten a una p\u00e1gina web almacenar y recuperar informaci\u00f3n sobre los h\u00e1bitos de [&hellip;]\" \/>\n<meta property=\"og:url\" content=\"https:\/\/gmproducciones.es\/en\/politica-de-cookies\/\" \/>\n<meta property=\"og:site_name\" content=\"GM Producciones\" \/>\n<meta property=\"article:modified_time\" content=\"2022-07-18T07:12:36+00:00\" \/>\n<meta name=\"twitter:card\" content=\"summary_large_image\" \/>\n<meta name=\"twitter:label1\" content=\"Est. reading time\" \/>\n\t<meta name=\"twitter:data1\" content=\"2 minutes\" \/>\n<script type=\"application\/ld+json\" class=\"yoast-schema-graph\">{\"@context\":\"https:\/\/schema.org\",\"@graph\":[{\"@type\":\"WebPage\",\"@id\":\"https:\/\/gmproducciones.es\/politica-de-cookies\/\",\"url\":\"https:\/\/gmproducciones.es\/politica-de-cookies\/\",\"name\":\"Pol\u00edtica de Cookies &#8212; GM Producciones\",\"isPartOf\":{\"@id\":\"https:\/\/gmproducciones.es\/#website\"},\"datePublished\":\"2022-07-12T16:44:45+00:00\",\"dateModified\":\"2022-07-18T07:12:36+00:00\",\"breadcrumb\":{\"@id\":\"https:\/\/gmproducciones.es\/politica-de-cookies\/#breadcrumb\"},\"inLanguage\":\"en-US\",\"potentialAction\":[{\"@type\":\"ReadAction\",\"target\":[\"https:\/\/gmproducciones.es\/politica-de-cookies\/\"]}]},{\"@type\":\"BreadcrumbList\",\"@id\":\"https:\/\/gmproducciones.es\/politica-de-cookies\/#breadcrumb\",\"itemListElement\":[{\"@type\":\"ListItem\",\"position\":1,\"name\":\"Inicio\",\"item\":\"https:\/\/gmproducciones.es\/\"},{\"@type\":\"ListItem\",\"position\":2,\"name\":\"Pol\u00edtica de Cookies\"}]},{\"@type\":\"WebSite\",\"@id\":\"https:\/\/gmproducciones.es\/#website\",\"url\":\"https:\/\/gmproducciones.es\/\",\"name\":\"GM Producciones\",\"description\":\"Cuidamos al detalle la calidad de nuestros productos y servicios\",\"publisher\":{\"@id\":\"https:\/\/gmproducciones.es\/#organization\"},\"potentialAction\":[{\"@type\":\"SearchAction\",\"target\":{\"@type\":\"EntryPoint\",\"urlTemplate\":\"https:\/\/gmproducciones.es\/?s={search_term_string}\"},\"query-input\":{\"@type\":\"PropertyValueSpecification\",\"valueRequired\":true,\"valueName\":\"search_term_string\"}}],\"inLanguage\":\"en-US\"},{\"@type\":\"Organization\",\"@id\":\"https:\/\/gmproducciones.es\/#organization\",\"name\":\"Gutierrez & Mu\u00f1oz\",\"url\":\"https:\/\/gmproducciones.es\/\",\"logo\":{\"@type\":\"ImageObject\",\"inLanguage\":\"en-US\",\"@id\":\"https:\/\/gmproducciones.es\/#\/schema\/logo\/image\/\",\"url\":\"https:\/\/gmproducciones.es\/wp-content\/uploads\/2022\/07\/logo-gm.svg\",\"contentUrl\":\"https:\/\/gmproducciones.es\/wp-content\/uploads\/2022\/07\/logo-gm.svg\",\"width\":1,\"height\":1,\"caption\":\"Gutierrez & Mu\u00f1oz\"},\"image\":{\"@id\":\"https:\/\/gmproducciones.es\/#\/schema\/logo\/image\/\"}}]}<\/script>\n<!-- \/ Yoast SEO plugin. -->","yoast_head_json":{"title":"Pol\u00edtica de Cookies &#8212; GM Producciones","robots":{"index":"index","follow":"follow","max-snippet":"max-snippet:-1","max-image-preview":"max-image-preview:large","max-video-preview":"max-video-preview:-1"},"canonical":"https:\/\/gmproducciones.es\/en\/politica-de-cookies\/","og_locale":"en_US","og_type":"article","og_title":"Pol\u00edtica de Cookies &#8212; GM Producciones","og_description":"\u00bfQu\u00e9 son las cookies? Las cookies son archivos que se pueden descargar en su equipo a trav\u00e9s de las p\u00e1ginas web. Son herramientas que tienen un papel esencial para la prestaci\u00f3n de numerosos servicios de la sociedad de la informaci\u00f3n. Entre otros, permiten a una p\u00e1gina web almacenar y recuperar informaci\u00f3n sobre los h\u00e1bitos de [&hellip;]","og_url":"https:\/\/gmproducciones.es\/en\/politica-de-cookies\/","og_site_name":"GM Producciones","article_modified_time":"2022-07-18T07:12:36+00:00","twitter_card":"summary_large_image","twitter_misc":{"Est. reading time":"2 minutes"},"schema":{"@context":"https:\/\/schema.org","@graph":[{"@type":"WebPage","@id":"https:\/\/gmproducciones.es\/politica-de-cookies\/","url":"https:\/\/gmproducciones.es\/politica-de-cookies\/","name":"Pol\u00edtica de Cookies &#8212; GM Producciones","isPartOf":{"@id":"https:\/\/gmproducciones.es\/#website"},"datePublished":"2022-07-12T16:44:45+00:00","dateModified":"2022-07-18T07:12:36+00:00","breadcrumb":{"@id":"https:\/\/gmproducciones.es\/politica-de-cookies\/#breadcrumb"},"inLanguage":"en-US","potentialAction":[{"@type":"ReadAction","target":["https:\/\/gmproducciones.es\/politica-de-cookies\/"]}]},{"@type":"BreadcrumbList","@id":"https:\/\/gmproducciones.es\/politica-de-cookies\/#breadcrumb","itemListElement":[{"@type":"ListItem","position":1,"name":"Inicio","item":"https:\/\/gmproducciones.es\/"},{"@type":"ListItem","position":2,"name":"Pol\u00edtica de Cookies"}]},{"@type":"WebSite","@id":"https:\/\/gmproducciones.es\/#website","url":"https:\/\/gmproducciones.es\/","name":"GM Producciones","description":"Cuidamos al detalle la calidad de nuestros productos y servicios","publisher":{"@id":"https:\/\/gmproducciones.es\/#organization"},"potentialAction":[{"@type":"SearchAction","target":{"@type":"EntryPoint","urlTemplate":"https:\/\/gmproducciones.es\/?s={search_term_string}"},"query-input":{"@type":"PropertyValueSpecification","valueRequired":true,"valueName":"search_term_string"}}],"inLanguage":"en-US"},{"@type":"Organization","@id":"https:\/\/gmproducciones.es\/#organization","name":"Gutierrez & Mu\u00f1oz","url":"https:\/\/gmproducciones.es\/","logo":{"@type":"ImageObject","inLanguage":"en-US","@id":"https:\/\/gmproducciones.es\/#\/schema\/logo\/image\/","url":"https:\/\/gmproducciones.es\/wp-content\/uploads\/2022\/07\/logo-gm.svg","contentUrl":"https:\/\/gmproducciones.es\/wp-content\/uploads\/2022\/07\/logo-gm.svg","width":1,"height":1,"caption":"Gutierrez & Mu\u00f1oz"},"image":{"@id":"https:\/\/gmproducciones.es\/#\/schema\/logo\/image\/"}}]}},"jetpack_sharing_enabled":true,"_links":{"self":[{"href":"https:\/\/gmproducciones.es\/en\/wp-json\/wp\/v2\/pages\/78","targetHints":{"allow":["GET"]}}],"collection":[{"href":"https:\/\/gmproducciones.es\/en\/wp-json\/wp\/v2\/pages"}],"about":[{"href":"https:\/\/gmproducciones.es\/en\/wp-json\/wp\/v2\/types\/page"}],"author":[{"embeddable":true,"href":"https:\/\/gmproducciones.es\/en\/wp-json\/wp\/v2\/users\/2"}],"replies":[{"embeddable":true,"href":"https:\/\/gmproducciones.es\/en\/wp-json\/wp\/v2\/comments?post=78"}],"version-history":[{"count":4,"href":"https:\/\/gmproducciones.es\/en\/wp-json\/wp\/v2\/pages\/78\/revisions"}],"predecessor-version":[{"id":387,"href":"https:\/\/gmproducciones.es\/en\/wp-json\/wp\/v2\/pages\/78\/revisions\/387"}],"wp:attachment":[{"href":"https:\/\/gmproducciones.es\/en\/wp-json\/wp\/v2\/media?parent=78"}],"curies":[{"name":"wp","href":"https:\/\/api.w.org\/{rel}","templated":true}]}}